{"id":8150,"date":"2019-09-23T14:45:22","date_gmt":"2019-09-23T13:45:22","guid":{"rendered":"https:\/\/thisplays2.com\/privacyverklaring\/"},"modified":"2019-09-27T08:24:53","modified_gmt":"2019-09-27T07:24:53","slug":"privacyverklaring","status":"publish","type":"page","link":"http:\/\/thisplays2.com\/fr\/privacyverklaring\/","title":{"rendered":"Privacyverklaring"},"content":{"rendered":"\n<p>ThisPlays2 SA traite les donn\u00e9es \u00e0 caract\u00e8re personnel conform\u00e9ment \u00e0 la pr\u00e9sente d\u00e9claration de confidentialit\u00e9. Pour plus d\u2019informations, des questions ou remarques au sujet de notre politique de confidentialit\u00e9, vous pouvez vous adresser \u00e0 Bruno Hanck\u00e9, CEO, via <a href=\"mailto:info@thisplays2.com\">info@thisplays2.com<\/a>.<\/p>\n\n\n\n<p><strong><em>Finalit\u00e9s du traitement<\/em><\/strong><\/p>\n\n\n\n<p>ThisPlays2 recueille et traite les donn\u00e9es \u00e0 caract\u00e8re personnel de clients pour la gestion de la client\u00e8le et des commandes (administration des clients, suivi des commandes\/livraisons, facturation, suivi de la solvabilit\u00e9, envoi de marketing et de publicit\u00e9 personnalis\u00e9e, etc.). <\/p>\n\n\n\n<p><strong><em>Fondement(s) juridique(s) du traitement<\/em><\/strong><\/p>\n\n\n\n<p>Les donn\u00e9es \u00e0 caract\u00e8re personnel sont trait\u00e9es sur la base de l\u2019article 6.1. (a) consentement, du r\u00e8glement g\u00e9n\u00e9ral sur la protection des donn\u00e9es. Dans la mesure o\u00f9 le traitement des donn\u00e9es \u00e0 caract\u00e8re personnel a lieu sur la base de l\u2019article 6.1. a) (consentement), le client a toujours le droit de retirer le consentement donn\u00e9.<\/p>\n\n\n\n<p><strong><em>Communication \u00e0 des tiers<\/em><\/strong><\/p>\n\n\n\n<p>Si cela est n\u00e9cessaire pour atteindre les finalit\u00e9s pr\u00e9vues, les donn\u00e9es \u00e0 caract\u00e8re personnel du client seront partag\u00e9es avec d\u2019autres soci\u00e9t\u00e9s (du groupe ThisPlays2 SA) au sein de l\u2019Espace \u00e9conomique europ\u00e9en, qui sont directement ou indirectement li\u00e9es \u00e0 ThisPlays2.<\/p>\n\n\n\n<p>ThisPlays2 garantit que ces destinataires prendront les mesures techniques et organisationnelles n\u00e9cessaires pour prot\u00e9ger les donn\u00e9es \u00e0 caract\u00e8re personnel. <\/p>\n\n\n\n<p><strong><em>D\u00e9lai de conservation<\/em><\/strong><\/p>\n\n\n\n<p>Les donn\u00e9es \u00e0 caract\u00e8re personnel trait\u00e9es pour la gestion de la client\u00e8le seront conserv\u00e9es durant le d\u00e9lai n\u00e9cessaire pour satisfaire aux exigences l\u00e9gales (notamment sur le plan de la comptabilit\u00e9). <\/p>\n\n\n\n<p><strong><em>Droit de consultation, de rectification, de suppression, de limitation, d\u2019opposition et de portabilit\u00e9 des donn\u00e9es \u00e0 caract\u00e8re personnel <\/em><\/strong><\/p>\n\n\n\n<p>Le client a \u00e0 tout moment le droit de consulter ses donn\u00e9es \u00e0 caract\u00e8re personnel et peut les (faire) rectifier si elles sont incorrectes ou incompl\u00e8tes, les faire supprimer, en faire limiter le traitement et s\u2019opposer au traitement de donn\u00e9es \u00e0 caract\u00e8re personnel qui le concernent, en vertu de l\u2019article 6.1 (f), y compris le profilage bas\u00e9 sur ces dispositions.<\/p>\n\n\n\n<p>Le client a, en outre, le droit d\u2019obtenir une copie (dans un format\u00a0<em>structur\u00e9<\/em>, couramment utilis\u00e9 et\u00a0<em>lisible par machine<\/em>) de ses donn\u00e9es \u00e0 caract\u00e8re personnel et de faire transmettre les donn\u00e9es \u00e0 caract\u00e8re personnel \u00e0 une autre soci\u00e9t\u00e9. <\/p>\n\n\n\n<p>Afin d\u2019exercer les droits ci-dessus, le client est invit\u00e9 \u00e0 envoyer un e-mail \u00e0 l\u2019adresse suivante : info@thisplays2.com.<\/p>\n\n\n\n<p><strong><em>Marketing direct<\/em><\/strong><\/p>\n\n\n\n<p>Le client a le droit de s\u2019opposer, sans frais, \u00e0 tout traitement de ses donn\u00e9es \u00e0 caract\u00e8re personnel \u00e0 des fins de marketing direct. <\/p>\n\n\n\n<p><strong><em>Plainte<\/em><\/strong><\/p>\n\n\n\n<p>Le client a le droit de d\u00e9poser une plainte aupr\u00e8s de la Commission pour la protection de la vie priv\u00e9e (rue de la Presse 35, 1000 Bruxelles &#8211; commission@privacycommission.be).<\/p>\n","protected":false},"excerpt":{"rendered":"<p>ThisPlays2 SA traite les donn\u00e9es \u00e0 caract\u00e8re personnel conform\u00e9ment \u00e0 la pr\u00e9sente d\u00e9claration de confidentialit\u00e9. Pour plus d\u2019informations, des questions ou remarques au sujet de notre politique de confidentialit\u00e9, vous pouvez vous adresser \u00e0 Bruno Hanck\u00e9, CEO, via info@thisplays2.com. Finalit\u00e9s du traitement ThisPlays2 recueille et traite les donn\u00e9es \u00e0 caract\u00e8re personnel de clients pour la [&hellip;]<\/p>\n","protected":false},"author":1,"featured_media":0,"parent":0,"menu_order":30,"comment_status":"closed","ping_status":"closed","template":"template_text.php","meta":{"_acf_changed":false,"footnotes":""},"class_list":["post-8150","page","type-page","status-publish","hentry"],"acf":[],"yoast_head":"<!-- This site is optimized with the Yoast SEO plugin v27.6 - https:\/\/yoast.com\/product\/yoast-seo-wordpress\/ -->\n<title>Privacyverklaring - ThisPlays2<\/title>\n<meta name=\"robots\" content=\"index, follow, max-snippet:-1, max-image-preview:large, max-video-preview:-1\" \/>\n<link rel=\"canonical\" href=\"http:\/\/thisplays2.com\/fr\/privacyverklaring\/\" \/>\n<meta property=\"og:locale\" content=\"fr_FR\" \/>\n<meta property=\"og:type\" content=\"article\" \/>\n<meta property=\"og:title\" content=\"Privacyverklaring - ThisPlays2\" \/>\n<meta property=\"og:description\" content=\"ThisPlays2 SA traite les donn\u00e9es \u00e0 caract\u00e8re personnel conform\u00e9ment \u00e0 la pr\u00e9sente d\u00e9claration de confidentialit\u00e9. Pour plus d\u2019informations, des questions ou remarques au sujet de notre politique de confidentialit\u00e9, vous pouvez vous adresser \u00e0 Bruno Hanck\u00e9, CEO, via info@thisplays2.com. Finalit\u00e9s du traitement ThisPlays2 recueille et traite les donn\u00e9es \u00e0 caract\u00e8re personnel de clients pour la [&hellip;]\" \/>\n<meta property=\"og:url\" content=\"http:\/\/thisplays2.com\/fr\/privacyverklaring\/\" \/>\n<meta property=\"og:site_name\" content=\"ThisPlays2\" \/>\n<meta property=\"article:modified_time\" content=\"2019-09-27T07:24:53+00:00\" \/>\n<meta name=\"twitter:card\" content=\"summary_large_image\" \/>\n<meta name=\"twitter:label1\" content=\"Dur\u00e9e de lecture estim\u00e9e\" \/>\n\t<meta name=\"twitter:data1\" content=\"2 minutes\" \/>\n<script type=\"application\/ld+json\" class=\"yoast-schema-graph\">{\"@context\":\"https:\\\/\\\/schema.org\",\"@graph\":[{\"@type\":\"WebPage\",\"@id\":\"http:\\\/\\\/thisplays2.com\\\/fr\\\/privacyverklaring\\\/\",\"url\":\"http:\\\/\\\/thisplays2.com\\\/fr\\\/privacyverklaring\\\/\",\"name\":\"Privacyverklaring - ThisPlays2\",\"isPartOf\":{\"@id\":\"https:\\\/\\\/thisplays2.com\\\/#website\"},\"datePublished\":\"2019-09-23T13:45:22+00:00\",\"dateModified\":\"2019-09-27T07:24:53+00:00\",\"breadcrumb\":{\"@id\":\"http:\\\/\\\/thisplays2.com\\\/fr\\\/privacyverklaring\\\/#breadcrumb\"},\"inLanguage\":\"fr-FR\",\"potentialAction\":[{\"@type\":\"ReadAction\",\"target\":[\"http:\\\/\\\/thisplays2.com\\\/fr\\\/privacyverklaring\\\/\"]}]},{\"@type\":\"BreadcrumbList\",\"@id\":\"http:\\\/\\\/thisplays2.com\\\/fr\\\/privacyverklaring\\\/#breadcrumb\",\"itemListElement\":[{\"@type\":\"ListItem\",\"position\":1,\"name\":\"Home\",\"item\":\"http:\\\/\\\/thisplays2.com\\\/\"},{\"@type\":\"ListItem\",\"position\":2,\"name\":\"Privacyverklaring\"}]},{\"@type\":\"WebSite\",\"@id\":\"https:\\\/\\\/thisplays2.com\\\/#website\",\"url\":\"https:\\\/\\\/thisplays2.com\\\/\",\"name\":\"ThisPlays2\",\"description\":\"En nog een WordPress site\",\"potentialAction\":[{\"@type\":\"SearchAction\",\"target\":{\"@type\":\"EntryPoint\",\"urlTemplate\":\"https:\\\/\\\/thisplays2.com\\\/?s={search_term_string}\"},\"query-input\":{\"@type\":\"PropertyValueSpecification\",\"valueRequired\":true,\"valueName\":\"search_term_string\"}}],\"inLanguage\":\"fr-FR\"}]}<\/script>\n<!-- \/ Yoast SEO plugin. -->","yoast_head_json":{"title":"Privacyverklaring - ThisPlays2","robots":{"index":"index","follow":"follow","max-snippet":"max-snippet:-1","max-image-preview":"max-image-preview:large","max-video-preview":"max-video-preview:-1"},"canonical":"http:\/\/thisplays2.com\/fr\/privacyverklaring\/","og_locale":"fr_FR","og_type":"article","og_title":"Privacyverklaring - ThisPlays2","og_description":"ThisPlays2 SA traite les donn\u00e9es \u00e0 caract\u00e8re personnel conform\u00e9ment \u00e0 la pr\u00e9sente d\u00e9claration de confidentialit\u00e9. Pour plus d\u2019informations, des questions ou remarques au sujet de notre politique de confidentialit\u00e9, vous pouvez vous adresser \u00e0 Bruno Hanck\u00e9, CEO, via info@thisplays2.com. Finalit\u00e9s du traitement ThisPlays2 recueille et traite les donn\u00e9es \u00e0 caract\u00e8re personnel de clients pour la [&hellip;]","og_url":"http:\/\/thisplays2.com\/fr\/privacyverklaring\/","og_site_name":"ThisPlays2","article_modified_time":"2019-09-27T07:24:53+00:00","twitter_card":"summary_large_image","twitter_misc":{"Dur\u00e9e de lecture estim\u00e9e":"2 minutes"},"schema":{"@context":"https:\/\/schema.org","@graph":[{"@type":"WebPage","@id":"http:\/\/thisplays2.com\/fr\/privacyverklaring\/","url":"http:\/\/thisplays2.com\/fr\/privacyverklaring\/","name":"Privacyverklaring - ThisPlays2","isPartOf":{"@id":"https:\/\/thisplays2.com\/#website"},"datePublished":"2019-09-23T13:45:22+00:00","dateModified":"2019-09-27T07:24:53+00:00","breadcrumb":{"@id":"http:\/\/thisplays2.com\/fr\/privacyverklaring\/#breadcrumb"},"inLanguage":"fr-FR","potentialAction":[{"@type":"ReadAction","target":["http:\/\/thisplays2.com\/fr\/privacyverklaring\/"]}]},{"@type":"BreadcrumbList","@id":"http:\/\/thisplays2.com\/fr\/privacyverklaring\/#breadcrumb","itemListElement":[{"@type":"ListItem","position":1,"name":"Home","item":"http:\/\/thisplays2.com\/"},{"@type":"ListItem","position":2,"name":"Privacyverklaring"}]},{"@type":"WebSite","@id":"https:\/\/thisplays2.com\/#website","url":"https:\/\/thisplays2.com\/","name":"ThisPlays2","description":"En nog een WordPress site","potentialAction":[{"@type":"SearchAction","target":{"@type":"EntryPoint","urlTemplate":"https:\/\/thisplays2.com\/?s={search_term_string}"},"query-input":{"@type":"PropertyValueSpecification","valueRequired":true,"valueName":"search_term_string"}}],"inLanguage":"fr-FR"}]}},"_links":{"self":[{"href":"http:\/\/thisplays2.com\/fr\/wp-json\/wp\/v2\/pages\/8150","targetHints":{"allow":["GET"]}}],"collection":[{"href":"http:\/\/thisplays2.com\/fr\/wp-json\/wp\/v2\/pages"}],"about":[{"href":"http:\/\/thisplays2.com\/fr\/wp-json\/wp\/v2\/types\/page"}],"author":[{"embeddable":true,"href":"http:\/\/thisplays2.com\/fr\/wp-json\/wp\/v2\/users\/1"}],"replies":[{"embeddable":true,"href":"http:\/\/thisplays2.com\/fr\/wp-json\/wp\/v2\/comments?post=8150"}],"version-history":[{"count":1,"href":"http:\/\/thisplays2.com\/fr\/wp-json\/wp\/v2\/pages\/8150\/revisions"}],"predecessor-version":[{"id":8151,"href":"http:\/\/thisplays2.com\/fr\/wp-json\/wp\/v2\/pages\/8150\/revisions\/8151"}],"wp:attachment":[{"href":"http:\/\/thisplays2.com\/fr\/wp-json\/wp\/v2\/media?parent=8150"}],"curies":[{"name":"wp","href":"https:\/\/api.w.org\/{rel}","templated":true}]}}