{"id":199,"date":"2016-09-07T10:57:34","date_gmt":"2016-09-07T09:57:34","guid":{"rendered":"http:\/\/thisplays2.com\/contact\/?lang=en"},"modified":"2024-11-15T14:29:02","modified_gmt":"2024-11-15T13:29:02","slug":"contact","status":"publish","type":"page","link":"https:\/\/thisplays2.com\/en\/contact\/","title":{"rendered":"Contact"},"content":{"rendered":"<p>Implementeert visuele en auditieve interactieve media samen met content op maat \u00e9n combineert deze in \u00e9\u00e9n sterk geheel.<\/p>\n","protected":false},"excerpt":{"rendered":"<p>Implementeert visuele en auditieve interactieve media samen met content op maat \u00e9n combineert deze in \u00e9\u00e9n sterk geheel.<\/p>\n","protected":false},"author":1,"featured_media":0,"parent":0,"menu_order":53,"comment_status":"closed","ping_status":"closed","template":"template_contact.php","meta":{"_acf_changed":false,"footnotes":""},"class_list":["post-199","page","type-page","status-publish","hentry"],"acf":[],"yoast_head":"<!-- This site is optimized with the Yoast SEO plugin v27.4 - https:\/\/yoast.com\/product\/yoast-seo-wordpress\/ -->\n<title>Contact - ThisPlays2<\/title>\n<meta name=\"robots\" content=\"index, follow, max-snippet:-1, max-image-preview:large, max-video-preview:-1\" \/>\n<link rel=\"canonical\" href=\"http:\/\/thisplays2.com\/en\/contact\/\" \/>\n<meta property=\"og:locale\" content=\"en_US\" \/>\n<meta property=\"og:type\" content=\"article\" \/>\n<meta property=\"og:title\" content=\"Contact - ThisPlays2\" \/>\n<meta property=\"og:description\" content=\"Implementeert visuele en auditieve interactieve media samen met content op maat \u00e9n combineert deze in \u00e9\u00e9n sterk geheel.\" \/>\n<meta property=\"og:url\" content=\"http:\/\/thisplays2.com\/en\/contact\/\" \/>\n<meta property=\"og:site_name\" content=\"ThisPlays2\" \/>\n<meta property=\"article:modified_time\" content=\"2024-11-15T13:29:02+00:00\" \/>\n<meta name=\"twitter:card\" content=\"summary_large_image\" \/>\n<script type=\"application\/ld+json\" class=\"yoast-schema-graph\">{\"@context\":\"https:\\\/\\\/schema.org\",\"@graph\":[{\"@type\":\"WebPage\",\"@id\":\"http:\\\/\\\/thisplays2.com\\\/en\\\/contact\\\/\",\"url\":\"http:\\\/\\\/thisplays2.com\\\/en\\\/contact\\\/\",\"name\":\"Contact - ThisPlays2\",\"isPartOf\":{\"@id\":\"https:\\\/\\\/thisplays2.com\\\/#website\"},\"datePublished\":\"2016-09-07T09:57:34+00:00\",\"dateModified\":\"2024-11-15T13:29:02+00:00\",\"breadcrumb\":{\"@id\":\"http:\\\/\\\/thisplays2.com\\\/en\\\/contact\\\/#breadcrumb\"},\"inLanguage\":\"en-US\",\"potentialAction\":[{\"@type\":\"ReadAction\",\"target\":[\"http:\\\/\\\/thisplays2.com\\\/en\\\/contact\\\/\"]}]},{\"@type\":\"BreadcrumbList\",\"@id\":\"http:\\\/\\\/thisplays2.com\\\/en\\\/contact\\\/#breadcrumb\",\"itemListElement\":[{\"@type\":\"ListItem\",\"position\":1,\"name\":\"Home\",\"item\":\"http:\\\/\\\/thisplays2.com\\\/\"},{\"@type\":\"ListItem\",\"position\":2,\"name\":\"Contact\"}]},{\"@type\":\"WebSite\",\"@id\":\"https:\\\/\\\/thisplays2.com\\\/#website\",\"url\":\"https:\\\/\\\/thisplays2.com\\\/\",\"name\":\"ThisPlays2\",\"description\":\"En nog een WordPress site\",\"potentialAction\":[{\"@type\":\"SearchAction\",\"target\":{\"@type\":\"EntryPoint\",\"urlTemplate\":\"https:\\\/\\\/thisplays2.com\\\/?s={search_term_string}\"},\"query-input\":{\"@type\":\"PropertyValueSpecification\",\"valueRequired\":true,\"valueName\":\"search_term_string\"}}],\"inLanguage\":\"en-US\"}]}<\/script>\n<!-- \/ Yoast SEO plugin. -->","yoast_head_json":{"title":"Contact - ThisPlays2","robots":{"index":"index","follow":"follow","max-snippet":"max-snippet:-1","max-image-preview":"max-image-preview:large","max-video-preview":"max-video-preview:-1"},"canonical":"http:\/\/thisplays2.com\/en\/contact\/","og_locale":"en_US","og_type":"article","og_title":"Contact - ThisPlays2","og_description":"Implementeert visuele en auditieve interactieve media samen met content op maat \u00e9n combineert deze in \u00e9\u00e9n sterk geheel.","og_url":"http:\/\/thisplays2.com\/en\/contact\/","og_site_name":"ThisPlays2","article_modified_time":"2024-11-15T13:29:02+00:00","twitter_card":"summary_large_image","schema":{"@context":"https:\/\/schema.org","@graph":[{"@type":"WebPage","@id":"http:\/\/thisplays2.com\/en\/contact\/","url":"http:\/\/thisplays2.com\/en\/contact\/","name":"Contact - ThisPlays2","isPartOf":{"@id":"https:\/\/thisplays2.com\/#website"},"datePublished":"2016-09-07T09:57:34+00:00","dateModified":"2024-11-15T13:29:02+00:00","breadcrumb":{"@id":"http:\/\/thisplays2.com\/en\/contact\/#breadcrumb"},"inLanguage":"en-US","potentialAction":[{"@type":"ReadAction","target":["http:\/\/thisplays2.com\/en\/contact\/"]}]},{"@type":"BreadcrumbList","@id":"http:\/\/thisplays2.com\/en\/contact\/#breadcrumb","itemListElement":[{"@type":"ListItem","position":1,"name":"Home","item":"http:\/\/thisplays2.com\/"},{"@type":"ListItem","position":2,"name":"Contact"}]},{"@type":"WebSite","@id":"https:\/\/thisplays2.com\/#website","url":"https:\/\/thisplays2.com\/","name":"ThisPlays2","description":"En nog een WordPress site","potentialAction":[{"@type":"SearchAction","target":{"@type":"EntryPoint","urlTemplate":"https:\/\/thisplays2.com\/?s={search_term_string}"},"query-input":{"@type":"PropertyValueSpecification","valueRequired":true,"valueName":"search_term_string"}}],"inLanguage":"en-US"}]}},"_links":{"self":[{"href":"https:\/\/thisplays2.com\/en\/wp-json\/wp\/v2\/pages\/199","targetHints":{"allow":["GET"]}}],"collection":[{"href":"https:\/\/thisplays2.com\/en\/wp-json\/wp\/v2\/pages"}],"about":[{"href":"https:\/\/thisplays2.com\/en\/wp-json\/wp\/v2\/types\/page"}],"author":[{"embeddable":true,"href":"https:\/\/thisplays2.com\/en\/wp-json\/wp\/v2\/users\/1"}],"replies":[{"embeddable":true,"href":"https:\/\/thisplays2.com\/en\/wp-json\/wp\/v2\/comments?post=199"}],"version-history":[{"count":5,"href":"https:\/\/thisplays2.com\/en\/wp-json\/wp\/v2\/pages\/199\/revisions"}],"predecessor-version":[{"id":19176,"href":"https:\/\/thisplays2.com\/en\/wp-json\/wp\/v2\/pages\/199\/revisions\/19176"}],"wp:attachment":[{"href":"https:\/\/thisplays2.com\/en\/wp-json\/wp\/v2\/media?parent=199"}],"curies":[{"name":"wp","href":"https:\/\/api.w.org\/{rel}","templated":true}]}}