{"id":15728,"date":"2023-01-30T15:52:28","date_gmt":"2023-01-30T14:52:28","guid":{"rendered":"https:\/\/thisplays2.com\/?page_id=15728"},"modified":"2023-01-30T15:54:18","modified_gmt":"2023-01-30T14:54:18","slug":"led-schermen","status":"publish","type":"page","link":"https:\/\/thisplays2.com\/fr\/led-schermen\/","title":{"rendered":"Programmation de contenu"},"content":{"rendered":"\n<div class=\"wp-block-columns is-layout-flex wp-container-core-columns-is-layout-9d6595d7 wp-block-columns-is-layout-flex\">\n<div class=\"wp-block-column is-layout-flow wp-block-column-is-layout-flow\" style=\"flex-basis:50%\">\n<figure class=\"wp-block-image size-large\"><img loading=\"lazy\" decoding=\"async\" width=\"1024\" height=\"683\" src=\"https:\/\/thisplays2.com\/wp-content\/uploads\/2016\/12\/Contentprogrammatie-2-of-4-1024x683.jpg\" alt=\"\" class=\"wp-image-807\" srcset=\"https:\/\/thisplays2.com\/wp-content\/uploads\/2016\/12\/Contentprogrammatie-2-of-4-1024x683.jpg 1024w, https:\/\/thisplays2.com\/wp-content\/uploads\/2016\/12\/Contentprogrammatie-2-of-4-300x200.jpg 300w, https:\/\/thisplays2.com\/wp-content\/uploads\/2016\/12\/Contentprogrammatie-2-of-4-768x512.jpg 768w\" sizes=\"auto, (max-width: 1024px) 100vw, 1024px\" \/><\/figure>\n<\/div>\n\n\n\n<div class=\"wp-block-column is-layout-flow wp-block-column-is-layout-flow\" style=\"flex-basis:50%\">\n<h2 class=\"wp-block-heading\">Nous aimons vous faciliter la vie<\/h2>\n\n\n\n<p>ThisPlays2 vous facilite la vie. Au d\u00e9marrage, nous programmons ensemble tous les contenus affich\u00e9s sur les \u00e9crans. Et apr\u00e8s l\u2019installation, une formation a lieu durant laquelle vous pouvez tout modifier ou ajouter vous-m\u00eame.<br>De cette mani\u00e8re, vous \u00e9conomisez beaucoup d\u2019argent et d\u2019\u00e9nergie en modifiant des textes et photos imm\u00e9diatement. Les images qui apparaissent sur les \u00e9crans sont modifi\u00e9es sur-le-champ. Ainsi, vous avez la certitude que le contenu est actualis\u00e9 et qu\u2019il reproduit toujours le bon message. D\u2019autre part, ThisPlays2 reste toujours accessible pour des conseils ou adaptations.<br>Pour les plus grands (ou plus petits) projets, nous aimons aider le client, y compris en assumant l\u2019enti\u00e8re responsabilit\u00e9 de toute la programmation de contenu.<\/p>\n<\/div>\n<\/div>\n","protected":false},"excerpt":{"rendered":"<p>Nous aimons vous faciliter la vie ThisPlays2 vous facilite la vie. Au d\u00e9marrage, nous programmons ensemble tous les contenus affich\u00e9s sur les \u00e9crans. Et apr\u00e8s l\u2019installation, une formation a lieu durant laquelle vous pouvez tout modifier ou ajouter vous-m\u00eame.De cette mani\u00e8re, vous \u00e9conomisez beaucoup d\u2019argent et d\u2019\u00e9nergie en modifiant des textes et photos imm\u00e9diatement. Les [&hellip;]<\/p>\n","protected":false},"author":1,"featured_media":0,"parent":0,"menu_order":14,"comment_status":"closed","ping_status":"closed","template":"template_diensten.php","meta":{"_acf_changed":false,"footnotes":""},"class_list":["post-15728","page","type-page","status-publish","hentry"],"acf":[],"yoast_head":"<!-- This site is optimized with the Yoast SEO plugin v27.4 - https:\/\/yoast.com\/product\/yoast-seo-wordpress\/ -->\n<title>Programmation de contenu - ThisPlays2<\/title>\n<meta name=\"robots\" content=\"index, follow, max-snippet:-1, max-image-preview:large, max-video-preview:-1\" \/>\n<link rel=\"canonical\" href=\"http:\/\/thisplays2.com\/fr\/led-schermen\/\" \/>\n<meta property=\"og:locale\" content=\"fr_FR\" \/>\n<meta property=\"og:type\" content=\"article\" \/>\n<meta property=\"og:title\" content=\"Programmation de contenu - ThisPlays2\" \/>\n<meta property=\"og:description\" content=\"Nous aimons vous faciliter la vie ThisPlays2 vous facilite la vie. Au d\u00e9marrage, nous programmons ensemble tous les contenus affich\u00e9s sur les \u00e9crans. Et apr\u00e8s l\u2019installation, une formation a lieu durant laquelle vous pouvez tout modifier ou ajouter vous-m\u00eame.De cette mani\u00e8re, vous \u00e9conomisez beaucoup d\u2019argent et d\u2019\u00e9nergie en modifiant des textes et photos imm\u00e9diatement. Les [&hellip;]\" \/>\n<meta property=\"og:url\" content=\"http:\/\/thisplays2.com\/fr\/led-schermen\/\" \/>\n<meta property=\"og:site_name\" content=\"ThisPlays2\" \/>\n<meta property=\"article:modified_time\" content=\"2023-01-30T14:54:18+00:00\" \/>\n<meta property=\"og:image\" content=\"https:\/\/thisplays2.com\/wp-content\/uploads\/2016\/12\/Contentprogrammatie-2-of-4-1024x683.jpg\" \/>\n<meta name=\"twitter:card\" content=\"summary_large_image\" \/>\n<meta name=\"twitter:label1\" content=\"Dur\u00e9e de lecture estim\u00e9e\" \/>\n\t<meta name=\"twitter:data1\" content=\"1 minute\" \/>\n<script type=\"application\/ld+json\" class=\"yoast-schema-graph\">{\"@context\":\"https:\\\/\\\/schema.org\",\"@graph\":[{\"@type\":\"WebPage\",\"@id\":\"http:\\\/\\\/thisplays2.com\\\/fr\\\/led-schermen\\\/\",\"url\":\"http:\\\/\\\/thisplays2.com\\\/fr\\\/led-schermen\\\/\",\"name\":\"Programmation de contenu - ThisPlays2\",\"isPartOf\":{\"@id\":\"http:\\\/\\\/thisplays2.com\\\/#website\"},\"primaryImageOfPage\":{\"@id\":\"http:\\\/\\\/thisplays2.com\\\/fr\\\/led-schermen\\\/#primaryimage\"},\"image\":{\"@id\":\"http:\\\/\\\/thisplays2.com\\\/fr\\\/led-schermen\\\/#primaryimage\"},\"thumbnailUrl\":\"https:\\\/\\\/thisplays2.com\\\/wp-content\\\/uploads\\\/2016\\\/12\\\/Contentprogrammatie-2-of-4-1024x683.jpg\",\"datePublished\":\"2023-01-30T14:52:28+00:00\",\"dateModified\":\"2023-01-30T14:54:18+00:00\",\"breadcrumb\":{\"@id\":\"http:\\\/\\\/thisplays2.com\\\/fr\\\/led-schermen\\\/#breadcrumb\"},\"inLanguage\":\"fr-FR\",\"potentialAction\":[{\"@type\":\"ReadAction\",\"target\":[\"http:\\\/\\\/thisplays2.com\\\/fr\\\/led-schermen\\\/\"]}]},{\"@type\":\"ImageObject\",\"inLanguage\":\"fr-FR\",\"@id\":\"http:\\\/\\\/thisplays2.com\\\/fr\\\/led-schermen\\\/#primaryimage\",\"url\":\"https:\\\/\\\/thisplays2.com\\\/wp-content\\\/uploads\\\/2016\\\/12\\\/Contentprogrammatie-2-of-4-1024x683.jpg\",\"contentUrl\":\"https:\\\/\\\/thisplays2.com\\\/wp-content\\\/uploads\\\/2016\\\/12\\\/Contentprogrammatie-2-of-4-1024x683.jpg\"},{\"@type\":\"BreadcrumbList\",\"@id\":\"http:\\\/\\\/thisplays2.com\\\/fr\\\/led-schermen\\\/#breadcrumb\",\"itemListElement\":[{\"@type\":\"ListItem\",\"position\":1,\"name\":\"Home\",\"item\":\"https:\\\/\\\/thisplays2.com\\\/fr\\\/\"},{\"@type\":\"ListItem\",\"position\":2,\"name\":\"Programmation de contenu\"}]},{\"@type\":\"WebSite\",\"@id\":\"http:\\\/\\\/thisplays2.com\\\/#website\",\"url\":\"http:\\\/\\\/thisplays2.com\\\/\",\"name\":\"ThisPlays2\",\"description\":\"En nog een WordPress site\",\"potentialAction\":[{\"@type\":\"SearchAction\",\"target\":{\"@type\":\"EntryPoint\",\"urlTemplate\":\"http:\\\/\\\/thisplays2.com\\\/?s={search_term_string}\"},\"query-input\":{\"@type\":\"PropertyValueSpecification\",\"valueRequired\":true,\"valueName\":\"search_term_string\"}}],\"inLanguage\":\"fr-FR\"}]}<\/script>\n<!-- \/ Yoast SEO plugin. -->","yoast_head_json":{"title":"Programmation de contenu - ThisPlays2","robots":{"index":"index","follow":"follow","max-snippet":"max-snippet:-1","max-image-preview":"max-image-preview:large","max-video-preview":"max-video-preview:-1"},"canonical":"http:\/\/thisplays2.com\/fr\/led-schermen\/","og_locale":"fr_FR","og_type":"article","og_title":"Programmation de contenu - ThisPlays2","og_description":"Nous aimons vous faciliter la vie ThisPlays2 vous facilite la vie. Au d\u00e9marrage, nous programmons ensemble tous les contenus affich\u00e9s sur les \u00e9crans. Et apr\u00e8s l\u2019installation, une formation a lieu durant laquelle vous pouvez tout modifier ou ajouter vous-m\u00eame.De cette mani\u00e8re, vous \u00e9conomisez beaucoup d\u2019argent et d\u2019\u00e9nergie en modifiant des textes et photos imm\u00e9diatement. Les [&hellip;]","og_url":"http:\/\/thisplays2.com\/fr\/led-schermen\/","og_site_name":"ThisPlays2","article_modified_time":"2023-01-30T14:54:18+00:00","og_image":[{"url":"https:\/\/thisplays2.com\/wp-content\/uploads\/2016\/12\/Contentprogrammatie-2-of-4-1024x683.jpg","type":"","width":"","height":""}],"twitter_card":"summary_large_image","twitter_misc":{"Dur\u00e9e de lecture estim\u00e9e":"1 minute"},"schema":{"@context":"https:\/\/schema.org","@graph":[{"@type":"WebPage","@id":"http:\/\/thisplays2.com\/fr\/led-schermen\/","url":"http:\/\/thisplays2.com\/fr\/led-schermen\/","name":"Programmation de contenu - ThisPlays2","isPartOf":{"@id":"http:\/\/thisplays2.com\/#website"},"primaryImageOfPage":{"@id":"http:\/\/thisplays2.com\/fr\/led-schermen\/#primaryimage"},"image":{"@id":"http:\/\/thisplays2.com\/fr\/led-schermen\/#primaryimage"},"thumbnailUrl":"https:\/\/thisplays2.com\/wp-content\/uploads\/2016\/12\/Contentprogrammatie-2-of-4-1024x683.jpg","datePublished":"2023-01-30T14:52:28+00:00","dateModified":"2023-01-30T14:54:18+00:00","breadcrumb":{"@id":"http:\/\/thisplays2.com\/fr\/led-schermen\/#breadcrumb"},"inLanguage":"fr-FR","potentialAction":[{"@type":"ReadAction","target":["http:\/\/thisplays2.com\/fr\/led-schermen\/"]}]},{"@type":"ImageObject","inLanguage":"fr-FR","@id":"http:\/\/thisplays2.com\/fr\/led-schermen\/#primaryimage","url":"https:\/\/thisplays2.com\/wp-content\/uploads\/2016\/12\/Contentprogrammatie-2-of-4-1024x683.jpg","contentUrl":"https:\/\/thisplays2.com\/wp-content\/uploads\/2016\/12\/Contentprogrammatie-2-of-4-1024x683.jpg"},{"@type":"BreadcrumbList","@id":"http:\/\/thisplays2.com\/fr\/led-schermen\/#breadcrumb","itemListElement":[{"@type":"ListItem","position":1,"name":"Home","item":"https:\/\/thisplays2.com\/fr\/"},{"@type":"ListItem","position":2,"name":"Programmation de contenu"}]},{"@type":"WebSite","@id":"http:\/\/thisplays2.com\/#website","url":"http:\/\/thisplays2.com\/","name":"ThisPlays2","description":"En nog een WordPress site","potentialAction":[{"@type":"SearchAction","target":{"@type":"EntryPoint","urlTemplate":"http:\/\/thisplays2.com\/?s={search_term_string}"},"query-input":{"@type":"PropertyValueSpecification","valueRequired":true,"valueName":"search_term_string"}}],"inLanguage":"fr-FR"}]}},"_links":{"self":[{"href":"https:\/\/thisplays2.com\/fr\/wp-json\/wp\/v2\/pages\/15728","targetHints":{"allow":["GET"]}}],"collection":[{"href":"https:\/\/thisplays2.com\/fr\/wp-json\/wp\/v2\/pages"}],"about":[{"href":"https:\/\/thisplays2.com\/fr\/wp-json\/wp\/v2\/types\/page"}],"author":[{"embeddable":true,"href":"https:\/\/thisplays2.com\/fr\/wp-json\/wp\/v2\/users\/1"}],"replies":[{"embeddable":true,"href":"https:\/\/thisplays2.com\/fr\/wp-json\/wp\/v2\/comments?post=15728"}],"version-history":[{"count":4,"href":"https:\/\/thisplays2.com\/fr\/wp-json\/wp\/v2\/pages\/15728\/revisions"}],"predecessor-version":[{"id":15733,"href":"https:\/\/thisplays2.com\/fr\/wp-json\/wp\/v2\/pages\/15728\/revisions\/15733"}],"wp:attachment":[{"href":"https:\/\/thisplays2.com\/fr\/wp-json\/wp\/v2\/media?parent=15728"}],"curies":[{"name":"wp","href":"https:\/\/api.w.org\/{rel}","templated":true}]}}