{"id":15767,"date":"2023-01-30T16:10:53","date_gmt":"2023-01-30T15:10:53","guid":{"rendered":"https:\/\/thisplays2.com\/achtergrondmuziek\/"},"modified":"2023-01-31T14:12:35","modified_gmt":"2023-01-31T13:12:35","slug":"musique-de-fond","status":"publish","type":"page","link":"https:\/\/thisplays2.com\/fr\/musique-de-fond\/","title":{"rendered":"Musique de fond"},"content":{"rendered":"\n<h4 class=\"wp-block-heading\">D\u00e9finissez vous-m\u00eame l\u2019ambiance pour vos clients<\/h4>\n\n\n\n<div style=\"height:100px\" aria-hidden=\"true\" class=\"wp-block-spacer\"><\/div>\n\n\n\n<div class=\"wp-block-columns is-layout-flex wp-container-core-columns-is-layout-9d6595d7 wp-block-columns-is-layout-flex\">\n<div class=\"wp-block-column is-layout-flow wp-block-column-is-layout-flow\" style=\"flex-basis:50%\">\n<figure class=\"wp-block-image size-full\"><img loading=\"lazy\" decoding=\"async\" width=\"747\" height=\"475\" src=\"https:\/\/thisplays2.com\/wp-content\/uploads\/2017\/12\/Babys-Corner-02.jpg\" alt=\"\" class=\"wp-image-3702\" srcset=\"https:\/\/thisplays2.com\/wp-content\/uploads\/2017\/12\/Babys-Corner-02.jpg 747w, https:\/\/thisplays2.com\/wp-content\/uploads\/2017\/12\/Babys-Corner-02-300x191.jpg 300w\" sizes=\"auto, (max-width: 747px) 100vw, 747px\" \/><\/figure>\n<\/div>\n\n\n\n<div class=\"wp-block-column is-layout-flow wp-block-column-is-layout-flow\" style=\"flex-basis:50%\">\n<h2 class=\"wp-block-heading\">D\u00e9finissez vous-m\u00eame l&rsquo;ambiance pour vos clients<\/h2>\n\n\n\n<p>ThisPlays2 con\u00e7oit un canal musical, votre propre radio en magasin, enti\u00e8rement sur mesure. Non seulement les genres, le rythme, l\u2019actualit\u00e9 de la musique sont mis en concordance avec votre activit\u00e9 commerciale, mais ensuite de vrais DJ et professionnels de la musique tiennent votre propre radio \u00e0 jour, chanson apr\u00e8s chanson.<br>Avec ThisPlays2, un format musical est \u00e9tabli parmi plus de 280 styles de musique et des dizaines de param\u00e8tres. Une musique qui correspond parfaitement \u00e0 l\u2019esth\u00e9tique de votre magasin, \u00e0 vos clients et collaborateurs. Une musique qui procure une sensation de bien-\u00eatre et un bon rythme, qui donne envie aux clients de rester plus longtemps et adoucit l\u2019attente. Une musique th\u00e9matique et la programmation de spots audio inclus. Des centaines de morceaux et chaque jour de nouvelles actualit\u00e9s, enti\u00e8rement automatiques mais aussi totalement sur mesure. Vos collaborateurs peuvent m\u00eame demander des morceaux dans le format d\u00e9fini au pr\u00e9alable, pour encore plus de motivation.<br>La solution musicale de ThisPlays2 est int\u00e9grale : lecteur en location, logiciel, abonnement sur mesure, mises \u00e0 jour hebdomadaires avec les nouveaux hits, morceaux \u00e0 la demande des collaborateurs, musique th\u00e9matique et selon la p\u00e9riode, programmation \u00e9ventuelle de publicit\u00e9s audio, service complet et interventions 24\/7, assistance par t\u00e9l\u00e9phone, discussion du format musical individuel par magasin ou par r\u00e9gion, d\u00e9marrage et installation pour chaque magasin.<\/p>\n\n\n\n<p>Vous \u00eates int\u00e9ress\u00e9 par une musique de fond dans votre magasin ? Visitez notre site web&nbsp;&nbsp;<strong><a href=\"https:\/\/groevy.com\/\" target=\"_blank\" rel=\"noreferrer noopener\">www.groevy.com<\/a><\/strong><\/p>\n<\/div>\n<\/div>\n\n\n\n<div style=\"height:100px\" aria-hidden=\"true\" class=\"wp-block-spacer\"><\/div>\n\n\n\n<div class=\"wp-block-columns is-layout-flex wp-container-core-columns-is-layout-9d6595d7 wp-block-columns-is-layout-flex\">\n<div class=\"wp-block-column is-layout-flow wp-block-column-is-layout-flow\" style=\"flex-basis:50%\">\n<h2 class=\"wp-block-heading\">Methodologie<\/h2>\n<\/div>\n\n\n\n<div class=\"wp-block-column is-layout-flow wp-block-column-is-layout-flow\" style=\"flex-basis:50%\">\n<figure class=\"wp-block-image size-large\"><img loading=\"lazy\" decoding=\"async\" width=\"1024\" height=\"576\" src=\"https:\/\/thisplays2.com\/wp-content\/uploads\/2019\/01\/1.-Music-quadrant-standaard-website-1-1024x576.jpg\" alt=\"\" class=\"wp-image-6541\" srcset=\"https:\/\/thisplays2.com\/wp-content\/uploads\/2019\/01\/1.-Music-quadrant-standaard-website-1-1024x576.jpg 1024w, https:\/\/thisplays2.com\/wp-content\/uploads\/2019\/01\/1.-Music-quadrant-standaard-website-1-300x169.jpg 300w, https:\/\/thisplays2.com\/wp-content\/uploads\/2019\/01\/1.-Music-quadrant-standaard-website-1-768x432.jpg 768w, https:\/\/thisplays2.com\/wp-content\/uploads\/2019\/01\/1.-Music-quadrant-standaard-website-1.jpg 2000w\" sizes=\"auto, (max-width: 1024px) 100vw, 1024px\" \/><\/figure>\n<\/div>\n<\/div>\n","protected":false},"excerpt":{"rendered":"<p>D\u00e9finissez vous-m\u00eame l\u2019ambiance pour vos clients D\u00e9finissez vous-m\u00eame l&rsquo;ambiance pour vos clients ThisPlays2 con\u00e7oit un canal musical, votre propre radio en magasin, enti\u00e8rement sur mesure. Non seulement les genres, le rythme, l\u2019actualit\u00e9 de la musique sont mis en concordance avec votre activit\u00e9 commerciale, mais ensuite de vrais DJ et professionnels de la musique tiennent votre [&hellip;]<\/p>\n","protected":false},"author":1,"featured_media":0,"parent":0,"menu_order":3,"comment_status":"closed","ping_status":"closed","template":"template_diensten.php","meta":{"_acf_changed":false,"footnotes":""},"class_list":["post-15767","page","type-page","status-publish","hentry"],"acf":[],"yoast_head":"<!-- This site is optimized with the Yoast SEO plugin v27.3 - https:\/\/yoast.com\/product\/yoast-seo-wordpress\/ -->\n<title>Musique de fond - ThisPlays2<\/title>\n<meta name=\"robots\" content=\"index, follow, max-snippet:-1, max-image-preview:large, max-video-preview:-1\" \/>\n<link rel=\"canonical\" href=\"https:\/\/thisplays2.com\/fr\/musique-de-fond\/\" \/>\n<meta property=\"og:locale\" content=\"fr_FR\" \/>\n<meta property=\"og:type\" content=\"article\" \/>\n<meta property=\"og:title\" content=\"Musique de fond - ThisPlays2\" \/>\n<meta property=\"og:description\" content=\"D\u00e9finissez vous-m\u00eame l\u2019ambiance pour vos clients D\u00e9finissez vous-m\u00eame l&rsquo;ambiance pour vos clients ThisPlays2 con\u00e7oit un canal musical, votre propre radio en magasin, enti\u00e8rement sur mesure. Non seulement les genres, le rythme, l\u2019actualit\u00e9 de la musique sont mis en concordance avec votre activit\u00e9 commerciale, mais ensuite de vrais DJ et professionnels de la musique tiennent votre [&hellip;]\" \/>\n<meta property=\"og:url\" content=\"https:\/\/thisplays2.com\/fr\/musique-de-fond\/\" \/>\n<meta property=\"og:site_name\" content=\"ThisPlays2\" \/>\n<meta property=\"article:modified_time\" content=\"2023-01-31T13:12:35+00:00\" \/>\n<meta property=\"og:image\" content=\"https:\/\/thisplays2.com\/wp-content\/uploads\/2017\/12\/Babys-Corner-02.jpg\" \/>\n<meta name=\"twitter:card\" content=\"summary_large_image\" \/>\n<meta name=\"twitter:label1\" content=\"Dur\u00e9e de lecture estim\u00e9e\" \/>\n\t<meta name=\"twitter:data1\" content=\"1 minute\" \/>\n<script type=\"application\/ld+json\" class=\"yoast-schema-graph\">{\"@context\":\"https:\\\/\\\/schema.org\",\"@graph\":[{\"@type\":\"WebPage\",\"@id\":\"https:\\\/\\\/thisplays2.com\\\/fr\\\/musique-de-fond\\\/\",\"url\":\"https:\\\/\\\/thisplays2.com\\\/fr\\\/musique-de-fond\\\/\",\"name\":\"Musique de fond - ThisPlays2\",\"isPartOf\":{\"@id\":\"https:\\\/\\\/thisplays2.com\\\/#website\"},\"primaryImageOfPage\":{\"@id\":\"https:\\\/\\\/thisplays2.com\\\/fr\\\/musique-de-fond\\\/#primaryimage\"},\"image\":{\"@id\":\"https:\\\/\\\/thisplays2.com\\\/fr\\\/musique-de-fond\\\/#primaryimage\"},\"thumbnailUrl\":\"https:\\\/\\\/thisplays2.com\\\/wp-content\\\/uploads\\\/2017\\\/12\\\/Babys-Corner-02.jpg\",\"datePublished\":\"2023-01-30T15:10:53+00:00\",\"dateModified\":\"2023-01-31T13:12:35+00:00\",\"breadcrumb\":{\"@id\":\"https:\\\/\\\/thisplays2.com\\\/fr\\\/musique-de-fond\\\/#breadcrumb\"},\"inLanguage\":\"fr-FR\",\"potentialAction\":[{\"@type\":\"ReadAction\",\"target\":[\"https:\\\/\\\/thisplays2.com\\\/fr\\\/musique-de-fond\\\/\"]}]},{\"@type\":\"ImageObject\",\"inLanguage\":\"fr-FR\",\"@id\":\"https:\\\/\\\/thisplays2.com\\\/fr\\\/musique-de-fond\\\/#primaryimage\",\"url\":\"https:\\\/\\\/thisplays2.com\\\/wp-content\\\/uploads\\\/2017\\\/12\\\/Babys-Corner-02.jpg\",\"contentUrl\":\"https:\\\/\\\/thisplays2.com\\\/wp-content\\\/uploads\\\/2017\\\/12\\\/Babys-Corner-02.jpg\"},{\"@type\":\"BreadcrumbList\",\"@id\":\"https:\\\/\\\/thisplays2.com\\\/fr\\\/musique-de-fond\\\/#breadcrumb\",\"itemListElement\":[{\"@type\":\"ListItem\",\"position\":1,\"name\":\"Home\",\"item\":\"https:\\\/\\\/thisplays2.com\\\/fr\\\/\"},{\"@type\":\"ListItem\",\"position\":2,\"name\":\"Musique de fond\"}]},{\"@type\":\"WebSite\",\"@id\":\"https:\\\/\\\/thisplays2.com\\\/#website\",\"url\":\"https:\\\/\\\/thisplays2.com\\\/\",\"name\":\"ThisPlays2\",\"description\":\"En nog een WordPress site\",\"potentialAction\":[{\"@type\":\"SearchAction\",\"target\":{\"@type\":\"EntryPoint\",\"urlTemplate\":\"https:\\\/\\\/thisplays2.com\\\/?s={search_term_string}\"},\"query-input\":{\"@type\":\"PropertyValueSpecification\",\"valueRequired\":true,\"valueName\":\"search_term_string\"}}],\"inLanguage\":\"fr-FR\"}]}<\/script>\n<!-- \/ Yoast SEO plugin. -->","yoast_head_json":{"title":"Musique de fond - ThisPlays2","robots":{"index":"index","follow":"follow","max-snippet":"max-snippet:-1","max-image-preview":"max-image-preview:large","max-video-preview":"max-video-preview:-1"},"canonical":"https:\/\/thisplays2.com\/fr\/musique-de-fond\/","og_locale":"fr_FR","og_type":"article","og_title":"Musique de fond - ThisPlays2","og_description":"D\u00e9finissez vous-m\u00eame l\u2019ambiance pour vos clients D\u00e9finissez vous-m\u00eame l&rsquo;ambiance pour vos clients ThisPlays2 con\u00e7oit un canal musical, votre propre radio en magasin, enti\u00e8rement sur mesure. Non seulement les genres, le rythme, l\u2019actualit\u00e9 de la musique sont mis en concordance avec votre activit\u00e9 commerciale, mais ensuite de vrais DJ et professionnels de la musique tiennent votre [&hellip;]","og_url":"https:\/\/thisplays2.com\/fr\/musique-de-fond\/","og_site_name":"ThisPlays2","article_modified_time":"2023-01-31T13:12:35+00:00","og_image":[{"url":"https:\/\/thisplays2.com\/wp-content\/uploads\/2017\/12\/Babys-Corner-02.jpg","type":"","width":"","height":""}],"twitter_card":"summary_large_image","twitter_misc":{"Dur\u00e9e de lecture estim\u00e9e":"1 minute"},"schema":{"@context":"https:\/\/schema.org","@graph":[{"@type":"WebPage","@id":"https:\/\/thisplays2.com\/fr\/musique-de-fond\/","url":"https:\/\/thisplays2.com\/fr\/musique-de-fond\/","name":"Musique de fond - ThisPlays2","isPartOf":{"@id":"https:\/\/thisplays2.com\/#website"},"primaryImageOfPage":{"@id":"https:\/\/thisplays2.com\/fr\/musique-de-fond\/#primaryimage"},"image":{"@id":"https:\/\/thisplays2.com\/fr\/musique-de-fond\/#primaryimage"},"thumbnailUrl":"https:\/\/thisplays2.com\/wp-content\/uploads\/2017\/12\/Babys-Corner-02.jpg","datePublished":"2023-01-30T15:10:53+00:00","dateModified":"2023-01-31T13:12:35+00:00","breadcrumb":{"@id":"https:\/\/thisplays2.com\/fr\/musique-de-fond\/#breadcrumb"},"inLanguage":"fr-FR","potentialAction":[{"@type":"ReadAction","target":["https:\/\/thisplays2.com\/fr\/musique-de-fond\/"]}]},{"@type":"ImageObject","inLanguage":"fr-FR","@id":"https:\/\/thisplays2.com\/fr\/musique-de-fond\/#primaryimage","url":"https:\/\/thisplays2.com\/wp-content\/uploads\/2017\/12\/Babys-Corner-02.jpg","contentUrl":"https:\/\/thisplays2.com\/wp-content\/uploads\/2017\/12\/Babys-Corner-02.jpg"},{"@type":"BreadcrumbList","@id":"https:\/\/thisplays2.com\/fr\/musique-de-fond\/#breadcrumb","itemListElement":[{"@type":"ListItem","position":1,"name":"Home","item":"https:\/\/thisplays2.com\/fr\/"},{"@type":"ListItem","position":2,"name":"Musique de fond"}]},{"@type":"WebSite","@id":"https:\/\/thisplays2.com\/#website","url":"https:\/\/thisplays2.com\/","name":"ThisPlays2","description":"En nog een WordPress site","potentialAction":[{"@type":"SearchAction","target":{"@type":"EntryPoint","urlTemplate":"https:\/\/thisplays2.com\/?s={search_term_string}"},"query-input":{"@type":"PropertyValueSpecification","valueRequired":true,"valueName":"search_term_string"}}],"inLanguage":"fr-FR"}]}},"_links":{"self":[{"href":"https:\/\/thisplays2.com\/fr\/wp-json\/wp\/v2\/pages\/15767","targetHints":{"allow":["GET"]}}],"collection":[{"href":"https:\/\/thisplays2.com\/fr\/wp-json\/wp\/v2\/pages"}],"about":[{"href":"https:\/\/thisplays2.com\/fr\/wp-json\/wp\/v2\/types\/page"}],"author":[{"embeddable":true,"href":"https:\/\/thisplays2.com\/fr\/wp-json\/wp\/v2\/users\/1"}],"replies":[{"embeddable":true,"href":"https:\/\/thisplays2.com\/fr\/wp-json\/wp\/v2\/comments?post=15767"}],"version-history":[{"count":2,"href":"https:\/\/thisplays2.com\/fr\/wp-json\/wp\/v2\/pages\/15767\/revisions"}],"predecessor-version":[{"id":15771,"href":"https:\/\/thisplays2.com\/fr\/wp-json\/wp\/v2\/pages\/15767\/revisions\/15771"}],"wp:attachment":[{"href":"https:\/\/thisplays2.com\/fr\/wp-json\/wp\/v2\/media?parent=15767"}],"curies":[{"name":"wp","href":"https:\/\/api.w.org\/{rel}","templated":true}]}}