{"id":15818,"date":"2023-01-30T14:41:57","date_gmt":"2023-01-30T13:41:57","guid":{"rendered":"https:\/\/thisplays2.com\/led-schermen-2\/"},"modified":"2023-01-31T14:24:44","modified_gmt":"2023-01-31T13:24:44","slug":"ecrans-led","status":"publish","type":"page","link":"https:\/\/thisplays2.com\/fr\/ecrans-led\/","title":{"rendered":"\u00c9crans LED"},"content":{"rendered":"\n<div class=\"wp-block-columns is-layout-flex wp-container-core-columns-is-layout-9d6595d7 wp-block-columns-is-layout-flex\">\n<div class=\"wp-block-column is-layout-flow wp-block-column-is-layout-flow\">\n<p><\/p>\n<\/div>\n\n\n\n<div class=\"wp-block-column is-layout-flow wp-block-column-is-layout-flow\"><\/div>\n<\/div>\n\n\n\n<div class=\"wp-block-columns is-layout-flex wp-container-core-columns-is-layout-9d6595d7 wp-block-columns-is-layout-flex\">\n<div class=\"wp-block-column is-layout-flow wp-block-column-is-layout-flow\" style=\"flex-basis:50%\">\n<figure class=\"wp-block-video\"><video height=\"1080\" style=\"aspect-ratio: 1920 \/ 1080;\" width=\"1920\" controls src=\"https:\/\/thisplays2.com\/wp-content\/uploads\/2021\/07\/Tip-1-Pitch.mp4\"><\/video><\/figure>\n\n\n\n<figure class=\"wp-block-image\"><a href=\"https:\/\/thisplays2.com\/wp-content\/uploads\/2017\/01\/Krefel-7-of-7.jpg\"><img loading=\"lazy\" decoding=\"async\" width=\"1024\" height=\"683\" src=\"https:\/\/thisplays2.com\/wp-content\/uploads\/2017\/01\/Krefel-7-of-7-1024x683.jpg\" alt=\"LED wanden in Wilrijk\" class=\"wp-image-1259\" srcset=\"https:\/\/thisplays2.com\/wp-content\/uploads\/2017\/01\/Krefel-7-of-7-1024x683.jpg 1024w, https:\/\/thisplays2.com\/wp-content\/uploads\/2017\/01\/Krefel-7-of-7-300x200.jpg 300w, https:\/\/thisplays2.com\/wp-content\/uploads\/2017\/01\/Krefel-7-of-7-768x512.jpg 768w\" sizes=\"auto, (max-width: 1024px) 100vw, 1024px\" \/><\/a><figcaption class=\"wp-element-caption\"><strong>LED Wall Kr\u00ebfel \u2013 Wilrijk<\/strong><\/figcaption><\/figure>\n<\/div>\n\n\n\n<div class=\"wp-block-column is-layout-flow wp-block-column-is-layout-flow\" style=\"flex-basis:50%\">\n<p>Nous connaissons les enseignes LED depuis des ann\u00e9es \u00e0 partir de concerts ou de matchs de football. Ces grands panneaux sur lesquels sont affich\u00e9es des images d&rsquo;artistes interpr\u00e8tes ou des animations. On les conna\u00eet depuis Picadilly Circus \u00e0 Londres ou Times Square \u00e0 New York avec les plus grands \u00ab LED Walls \u00bb au monde. Cependant, aujourd&rsquo;hui, nous voyons de plus en plus de ces \u00e9crans, bien que l\u00e9g\u00e8rement plus petits (mais parfois pas beaucoup plus petits) appara\u00eetre dans les magasins et les entreprises. A quoi faut-il faire attention pour faire le bon choix ?<\/p>\n\n\n\n<p><\/p>\n\n\n\n<h2 class=\"wp-block-heading\" id=\"tw-target-text\">1. Le Pitch <\/h2>\n\n\n\n<p><\/p>\n\n\n\n<p id=\"tw-target-text\">Le pas est la distance des \u00ab\u00a0points lumineux\u00a0\u00bb. Ces points lumineux sont constitu\u00e9s d&rsquo;une lumi\u00e8re LED rouge, verte et bleue r\u00e9unies dans une diode, avec laquelle toutes les couleurs peuvent \u00eatre affich\u00e9es. Si une diode est distante de 10 mm (1 centim\u00e8tre) de l&rsquo;autre, alors on parle d&rsquo;un pas 10. Si celles-ci sont distantes de 6 mm, on parle d&rsquo;un pas 6. <\/p>\n\n\n\n<p><\/p>\n\n\n\n<p id=\"tw-target-text\">Ce que nous ne voulons certainement pas, c&rsquo;est que lorsque nous regardons un tel mur LED, nous puissions toujours voir clairement ces points de lumi\u00e8re individuels. Nous sommes simplement immerg\u00e9s pour voir les images per\u00e7ues sur des \u00e9crans standards. La hauteur est d\u00e9termin\u00e9e, donc la distance de vision correcte, la distance \u00e0 partir de laquelle nos yeux et notre cerveau n&rsquo;ont pas \u00e0 faire plus d&rsquo;efforts pour \u00ab\u00a0remplir\u00a0\u00bb l&rsquo;image entre les points lumineux.<\/p>\n\n\n\n<div class=\"wp-block-columns is-layout-flex wp-container-core-columns-is-layout-9d6595d7 wp-block-columns-is-layout-flex\">\n<div class=\"wp-block-column is-layout-flow wp-block-column-is-layout-flow\"><\/div>\n<\/div>\n\n\n\n<h2 class=\"wp-block-heading\" id=\"tw-target-text\">La r\u00e8gle d&rsquo;or est Pitch = distance de visualisation en m\u00e8tres. <\/h2>\n\n\n\n<p id=\"tw-target-text\">Ainsi, un Pitch 10 est de 10 m\u00e8tres, un Pitch 1,5 est de 1,5 m\u00e8tre. Aujourd&rsquo;hui, les magasins installent P2.5 et P1.5 \u00e0 l&rsquo;int\u00e9rieur, tandis qu&rsquo;\u00e0 l&rsquo;ext\u00e9rieur, cela pourrait facilement \u00eatre Pitch4 ou Pitch 6. Ainsi, plus le pas est petit, plus l&rsquo;image est fine, plus les gens peuvent se tenir pr\u00e8s du mur LED et profiter d&rsquo;une belle image<\/p>\n<\/div>\n<\/div>\n\n\n\n<div style=\"height:100px\" aria-hidden=\"true\" class=\"wp-block-spacer\"><\/div>\n\n\n\n<div class=\"wp-block-columns is-layout-flex wp-container-core-columns-is-layout-9d6595d7 wp-block-columns-is-layout-flex\">\n<div class=\"wp-block-column is-layout-flow wp-block-column-is-layout-flow\">\n<h2 class=\"wp-block-heading\"><br>2. La taille des murs LED<\/h2>\n\n\n\n<div class=\"wp-block-columns is-layout-flex wp-container-core-columns-is-layout-9d6595d7 wp-block-columns-is-layout-flex\">\n<div class=\"wp-block-column is-layout-flow wp-block-column-is-layout-flow\"><\/div>\n<\/div>\n\n\n\n<p id=\"tw-target-text\">Le mur LED est une alternative int\u00e9ressante lorsqu&rsquo;un grand \u00e9cran ou un mur vid\u00e9o n&rsquo;est plus assez grand. Ainsi \u00e0 partir du moment o\u00f9 l&rsquo;on d\u00e9passe 2 m\u00e8tres en hauteur ou en largeur, un mur LED devient int\u00e9ressant d\u00e8s lors. Apr\u00e8s tout, si vous vouliez couvrir de telles distances avec des \u00e9crans standard, vous verriez toujours ce petit bord de l&rsquo;\u00e9cran. Avec un mur LED, vous ne voyez pas ces bords, qui deviennent alors une surface agr\u00e9able et uniforme.<\/p>\n<\/div>\n\n\n\n<div class=\"wp-block-column is-layout-flow wp-block-column-is-layout-flow\">\n<figure class=\"wp-block-video\"><video height=\"1080\" style=\"aspect-ratio: 1920 \/ 1080;\" width=\"1920\" controls src=\"https:\/\/thisplays2.com\/wp-content\/uploads\/2021\/07\/Tip-2-grootte.mp4\"><\/video><\/figure>\n<\/div>\n<\/div>\n\n\n\n<div style=\"height:100px\" aria-hidden=\"true\" class=\"wp-block-spacer\"><\/div>\n\n\n\n<div class=\"wp-block-columns is-layout-flex wp-container-core-columns-is-layout-9d6595d7 wp-block-columns-is-layout-flex\">\n<div class=\"wp-block-column is-layout-flow wp-block-column-is-layout-flow\">\n<figure class=\"wp-block-video\"><video height=\"1080\" style=\"aspect-ratio: 1920 \/ 1080;\" width=\"1920\" controls src=\"https:\/\/thisplays2.com\/wp-content\/uploads\/2021\/07\/Tip-3-licht.mp4\"><\/video><\/figure>\n\n\n\n<figure class=\"wp-block-image\"><a href=\"https:\/\/thisplays2.com\/wp-content\/uploads\/2017\/12\/Snow-Rock-Bluewater-4-1024x576.jpg\"><img loading=\"lazy\" decoding=\"async\" width=\"1024\" height=\"576\" src=\"https:\/\/thisplays2.com\/wp-content\/uploads\/2017\/12\/Snow-Rock-Bluewater-4-1024x576.jpg\" alt=\"led wand in winkelcentrum London\" class=\"wp-image-3104\" srcset=\"https:\/\/thisplays2.com\/wp-content\/uploads\/2017\/12\/Snow-Rock-Bluewater-4-1024x576.jpg 1024w, https:\/\/thisplays2.com\/wp-content\/uploads\/2017\/12\/Snow-Rock-Bluewater-4-300x169.jpg 300w, https:\/\/thisplays2.com\/wp-content\/uploads\/2017\/12\/Snow-Rock-Bluewater-4-768x432.jpg 768w\" sizes=\"auto, (max-width: 1024px) 100vw, 1024px\" \/><\/a><figcaption class=\"wp-element-caption\"><mark>LED Walls Blue Water \u2013 Londen<\/mark><\/figcaption><\/figure>\n<\/div>\n\n\n\n<div class=\"wp-block-column is-layout-flow wp-block-column-is-layout-flow\">\n<h2 class=\"wp-block-heading\">3. Sortie de la lumi\u00e8re<\/h2>\n\n\n\n<div class=\"wp-block-columns is-layout-flex wp-container-core-columns-is-layout-9d6595d7 wp-block-columns-is-layout-flex\">\n<div class=\"wp-block-column is-layout-flow wp-block-column-is-layout-flow\"><\/div>\n<\/div>\n\n\n\n<p id=\"tw-target-text\">Ce \u00e0 quoi vous devez absolument faire attention avec les murs LED, c&rsquo;est le rendement lumineux, ou la quantit\u00e9 de lumi\u00e8re mesur\u00e9e sur la r\u00e9tine de nos yeux. Ceci est exprim\u00e9 en nit ou en candela. Nos \u00e9crans \u00e0 la maison donnent environ 200 candelas, alors que dans les magasins c&rsquo;est de 300 \u00e0 700 candelas.<\/p>\n\n\n\n<p><\/p>\n\n\n\n<p id=\"tw-target-text\">Un mur LED d&rsquo;int\u00e9rieur a une puissance lumineuse moyenne de 1 000 candela. Cela suffit pour faire ressortir de grandes surfaces sans risque de surstimulation. Lorsque nous installons des murs LED \u00e0 l&rsquo;ext\u00e9rieur ou dans la vitrine, nous avons besoin d&rsquo;au moins 6 000 candelas pour surmonter la lumi\u00e8re du jour et m\u00eame la lumi\u00e8re directe du soleil.<\/p>\n\n\n\n<div class=\"wp-block-columns is-layout-flex wp-container-core-columns-is-layout-9d6595d7 wp-block-columns-is-layout-flex\">\n<div class=\"wp-block-column is-layout-flow wp-block-column-is-layout-flow\"><\/div>\n<\/div>\n\n\n\n<h2 class=\"wp-block-heading\" id=\"tw-target-text\">4. Montage mural LED<\/h2>\n\n\n\n<div class=\"wp-block-columns is-layout-flex wp-container-core-columns-is-layout-9d6595d7 wp-block-columns-is-layout-flex\">\n<div class=\"wp-block-column is-layout-flow wp-block-column-is-layout-flow\"><\/div>\n<\/div>\n\n\n\n<p id=\"tw-target-text\">Comme mentionn\u00e9 ci-dessus, une belle surface lisse est absolument n\u00e9cessaire lors du montage d&rsquo;un mur LED. Apr\u00e8s tout, un mur LED est construit avec des panneaux plus petits qui se connectent de mani\u00e8re transparente les uns aux autres. Rien n&rsquo;est plus ennuyeux que de regarder un mur LED o\u00f9 vous pouvez toujours voir tous ces panneaux, m\u00eame si des images en mouvement y sont affich\u00e9es.<\/p>\n<\/div>\n<\/div>\n\n\n\n<div style=\"height:100px\" aria-hidden=\"true\" class=\"wp-block-spacer\"><\/div>\n\n\n\n<div class=\"wp-block-columns is-layout-flex wp-container-core-columns-is-layout-9d6595d7 wp-block-columns-is-layout-flex\">\n<div class=\"wp-block-column is-layout-flow wp-block-column-is-layout-flow\">\n<p id=\"tw-target-text\">Et tout comme pour la qualit\u00e9 g\u00e9n\u00e9rale des diodes lumineuses, la diff\u00e9rence est clairement perceptible ici entre les fabricants chinois moins chers et les fabricants comme Samsung, par exemple, qui ne sont pas beaucoup plus chers, mais offrent une bien meilleure solution en termes de rapport qualit\u00e9-prix rapport. Lors du montage, une grande attention doit \u00e9galement \u00eatre accord\u00e9e aux supports m\u00e9talliques dans lesquels les panneaux individuels sont mont\u00e9s, afin qu&rsquo;ils s&#8217;embo\u00eetent parfaitement les uns contre les autres au demi-millim\u00e8tre pr\u00e8s.<\/p>\n\n\n\n<div class=\"wp-block-columns is-layout-flex wp-container-core-columns-is-layout-9d6595d7 wp-block-columns-is-layout-flex\">\n<div class=\"wp-block-column is-layout-flow wp-block-column-is-layout-flow\"><\/div>\n<\/div>\n\n\n\n<h2 class=\"wp-block-heading\" id=\"tw-target-text\">5. Le contenu<\/h2>\n\n\n\n<div class=\"wp-block-columns is-layout-flex wp-container-core-columns-is-layout-9d6595d7 wp-block-columns-is-layout-flex\">\n<div class=\"wp-block-column is-layout-flow wp-block-column-is-layout-flow\"><\/div>\n<\/div>\n\n\n\n<p id=\"tw-target-text\">Par contenu, nous entendons les images : photos, vid\u00e9os ou animations anim\u00e9es. Parce qu&rsquo;un mur LED offre la possibilit\u00e9 de s&rsquo;\u00e9carter du format d&rsquo;\u00e9cran standard au format 16:9, nous pouvons monter ces \u00e9crans dans les formes les plus d\u00e9viantes. Il est important d&rsquo;adapter \u00e9galement le contenu \u00e0 ces dimensions, afin qu&rsquo;il ait un impact sur les visiteurs. ThisPlays2 a des ann\u00e9es d&rsquo;exp\u00e9rience dans l&rsquo;installation de murs LED, mais aussi dans la cr\u00e9ation et la programmation de contenus parfaitement adapt\u00e9s.<\/p>\n<\/div>\n\n\n\n<div class=\"wp-block-column is-layout-flow wp-block-column-is-layout-flow\">\n<figure class=\"wp-block-video\"><video height=\"1080\" style=\"aspect-ratio: 1920 \/ 1080;\" width=\"1920\" controls src=\"https:\/\/thisplays2.com\/wp-content\/uploads\/2021\/07\/Tip-4-Installatie.mp4\"><\/video><\/figure>\n\n\n\n<figure class=\"wp-block-image\"><a href=\"https:\/\/thisplays2.com\/wp-content\/uploads\/2017\/11\/Tamaris-768x1024.jpg\"><img loading=\"lazy\" decoding=\"async\" width=\"768\" height=\"1024\" src=\"https:\/\/thisplays2.com\/wp-content\/uploads\/2017\/11\/Tamaris-768x1024.jpg\" alt=\"winkel in Brussel\" class=\"wp-image-3000\" srcset=\"https:\/\/thisplays2.com\/wp-content\/uploads\/2017\/11\/Tamaris-768x1024.jpg 768w, https:\/\/thisplays2.com\/wp-content\/uploads\/2017\/11\/Tamaris-225x300.jpg 225w\" sizes=\"auto, (max-width: 768px) 100vw, 768px\" \/><\/a><figcaption class=\"wp-element-caption\"><mark>LED Wall Tamaris \u2013 Brussel<\/mark><\/figcaption><\/figure>\n<\/div>\n<\/div>\n\n\n\n<div style=\"height:100px\" aria-hidden=\"true\" class=\"wp-block-spacer\"><\/div>\n\n\n\n<h2 class=\"wp-block-heading\"><\/h2>\n","protected":false},"excerpt":{"rendered":"<p>Nous connaissons les enseignes LED depuis des ann\u00e9es \u00e0 partir de concerts ou de matchs de football. Ces grands panneaux sur lesquels sont affich\u00e9es des images d&rsquo;artistes interpr\u00e8tes ou des animations. On les conna\u00eet depuis Picadilly Circus \u00e0 Londres ou Times Square \u00e0 New York avec les plus grands \u00ab LED Walls \u00bb au monde. [&hellip;]<\/p>\n","protected":false},"author":1,"featured_media":0,"parent":0,"menu_order":25,"comment_status":"closed","ping_status":"closed","template":"template_diensten.php","meta":{"_acf_changed":false,"footnotes":""},"class_list":["post-15818","page","type-page","status-publish","hentry"],"acf":[],"yoast_head":"<!-- This site is optimized with the Yoast SEO plugin v27.4 - https:\/\/yoast.com\/product\/yoast-seo-wordpress\/ -->\n<title>\u00c9crans LED - ThisPlays2<\/title>\n<meta name=\"robots\" content=\"index, follow, max-snippet:-1, max-image-preview:large, max-video-preview:-1\" \/>\n<link rel=\"canonical\" href=\"http:\/\/thisplays2.com\/fr\/ecrans-led\/\" \/>\n<meta property=\"og:locale\" content=\"fr_FR\" \/>\n<meta property=\"og:type\" content=\"article\" \/>\n<meta property=\"og:title\" content=\"\u00c9crans LED - ThisPlays2\" \/>\n<meta property=\"og:description\" content=\"Nous connaissons les enseignes LED depuis des ann\u00e9es \u00e0 partir de concerts ou de matchs de football. Ces grands panneaux sur lesquels sont affich\u00e9es des images d&rsquo;artistes interpr\u00e8tes ou des animations. On les conna\u00eet depuis Picadilly Circus \u00e0 Londres ou Times Square \u00e0 New York avec les plus grands \u00ab LED Walls \u00bb au monde. [&hellip;]\" \/>\n<meta property=\"og:url\" content=\"http:\/\/thisplays2.com\/fr\/ecrans-led\/\" \/>\n<meta property=\"og:site_name\" content=\"ThisPlays2\" \/>\n<meta property=\"article:modified_time\" content=\"2023-01-31T13:24:44+00:00\" \/>\n<meta property=\"og:image\" content=\"https:\/\/thisplays2.com\/wp-content\/uploads\/2017\/01\/Krefel-7-of-7-1024x683.jpg\" \/>\n<meta name=\"twitter:card\" content=\"summary_large_image\" \/>\n<meta name=\"twitter:label1\" content=\"Dur\u00e9e de lecture estim\u00e9e\" \/>\n\t<meta name=\"twitter:data1\" content=\"4 minutes\" \/>\n<script type=\"application\/ld+json\" class=\"yoast-schema-graph\">{\"@context\":\"https:\\\/\\\/schema.org\",\"@graph\":[{\"@type\":\"WebPage\",\"@id\":\"http:\\\/\\\/thisplays2.com\\\/fr\\\/ecrans-led\\\/\",\"url\":\"http:\\\/\\\/thisplays2.com\\\/fr\\\/ecrans-led\\\/\",\"name\":\"\u00c9crans LED - ThisPlays2\",\"isPartOf\":{\"@id\":\"http:\\\/\\\/thisplays2.com\\\/#website\"},\"primaryImageOfPage\":{\"@id\":\"http:\\\/\\\/thisplays2.com\\\/fr\\\/ecrans-led\\\/#primaryimage\"},\"image\":{\"@id\":\"http:\\\/\\\/thisplays2.com\\\/fr\\\/ecrans-led\\\/#primaryimage\"},\"thumbnailUrl\":\"https:\\\/\\\/thisplays2.com\\\/wp-content\\\/uploads\\\/2017\\\/01\\\/Krefel-7-of-7-1024x683.jpg\",\"datePublished\":\"2023-01-30T13:41:57+00:00\",\"dateModified\":\"2023-01-31T13:24:44+00:00\",\"breadcrumb\":{\"@id\":\"http:\\\/\\\/thisplays2.com\\\/fr\\\/ecrans-led\\\/#breadcrumb\"},\"inLanguage\":\"fr-FR\",\"potentialAction\":[{\"@type\":\"ReadAction\",\"target\":[\"http:\\\/\\\/thisplays2.com\\\/fr\\\/ecrans-led\\\/\"]}]},{\"@type\":\"ImageObject\",\"inLanguage\":\"fr-FR\",\"@id\":\"http:\\\/\\\/thisplays2.com\\\/fr\\\/ecrans-led\\\/#primaryimage\",\"url\":\"https:\\\/\\\/thisplays2.com\\\/wp-content\\\/uploads\\\/2017\\\/01\\\/Krefel-7-of-7-1024x683.jpg\",\"contentUrl\":\"https:\\\/\\\/thisplays2.com\\\/wp-content\\\/uploads\\\/2017\\\/01\\\/Krefel-7-of-7-1024x683.jpg\"},{\"@type\":\"BreadcrumbList\",\"@id\":\"http:\\\/\\\/thisplays2.com\\\/fr\\\/ecrans-led\\\/#breadcrumb\",\"itemListElement\":[{\"@type\":\"ListItem\",\"position\":1,\"name\":\"Home\",\"item\":\"http:\\\/\\\/thisplays2.com\\\/\"},{\"@type\":\"ListItem\",\"position\":2,\"name\":\"\u00c9crans LED\"}]},{\"@type\":\"WebSite\",\"@id\":\"http:\\\/\\\/thisplays2.com\\\/#website\",\"url\":\"http:\\\/\\\/thisplays2.com\\\/\",\"name\":\"ThisPlays2\",\"description\":\"En nog een WordPress site\",\"potentialAction\":[{\"@type\":\"SearchAction\",\"target\":{\"@type\":\"EntryPoint\",\"urlTemplate\":\"http:\\\/\\\/thisplays2.com\\\/?s={search_term_string}\"},\"query-input\":{\"@type\":\"PropertyValueSpecification\",\"valueRequired\":true,\"valueName\":\"search_term_string\"}}],\"inLanguage\":\"fr-FR\"}]}<\/script>\n<!-- \/ Yoast SEO plugin. -->","yoast_head_json":{"title":"\u00c9crans LED - ThisPlays2","robots":{"index":"index","follow":"follow","max-snippet":"max-snippet:-1","max-image-preview":"max-image-preview:large","max-video-preview":"max-video-preview:-1"},"canonical":"http:\/\/thisplays2.com\/fr\/ecrans-led\/","og_locale":"fr_FR","og_type":"article","og_title":"\u00c9crans LED - ThisPlays2","og_description":"Nous connaissons les enseignes LED depuis des ann\u00e9es \u00e0 partir de concerts ou de matchs de football. Ces grands panneaux sur lesquels sont affich\u00e9es des images d&rsquo;artistes interpr\u00e8tes ou des animations. On les conna\u00eet depuis Picadilly Circus \u00e0 Londres ou Times Square \u00e0 New York avec les plus grands \u00ab LED Walls \u00bb au monde. [&hellip;]","og_url":"http:\/\/thisplays2.com\/fr\/ecrans-led\/","og_site_name":"ThisPlays2","article_modified_time":"2023-01-31T13:24:44+00:00","og_image":[{"url":"https:\/\/thisplays2.com\/wp-content\/uploads\/2017\/01\/Krefel-7-of-7-1024x683.jpg","type":"","width":"","height":""}],"twitter_card":"summary_large_image","twitter_misc":{"Dur\u00e9e de lecture estim\u00e9e":"4 minutes"},"schema":{"@context":"https:\/\/schema.org","@graph":[{"@type":"WebPage","@id":"http:\/\/thisplays2.com\/fr\/ecrans-led\/","url":"http:\/\/thisplays2.com\/fr\/ecrans-led\/","name":"\u00c9crans LED - ThisPlays2","isPartOf":{"@id":"http:\/\/thisplays2.com\/#website"},"primaryImageOfPage":{"@id":"http:\/\/thisplays2.com\/fr\/ecrans-led\/#primaryimage"},"image":{"@id":"http:\/\/thisplays2.com\/fr\/ecrans-led\/#primaryimage"},"thumbnailUrl":"https:\/\/thisplays2.com\/wp-content\/uploads\/2017\/01\/Krefel-7-of-7-1024x683.jpg","datePublished":"2023-01-30T13:41:57+00:00","dateModified":"2023-01-31T13:24:44+00:00","breadcrumb":{"@id":"http:\/\/thisplays2.com\/fr\/ecrans-led\/#breadcrumb"},"inLanguage":"fr-FR","potentialAction":[{"@type":"ReadAction","target":["http:\/\/thisplays2.com\/fr\/ecrans-led\/"]}]},{"@type":"ImageObject","inLanguage":"fr-FR","@id":"http:\/\/thisplays2.com\/fr\/ecrans-led\/#primaryimage","url":"https:\/\/thisplays2.com\/wp-content\/uploads\/2017\/01\/Krefel-7-of-7-1024x683.jpg","contentUrl":"https:\/\/thisplays2.com\/wp-content\/uploads\/2017\/01\/Krefel-7-of-7-1024x683.jpg"},{"@type":"BreadcrumbList","@id":"http:\/\/thisplays2.com\/fr\/ecrans-led\/#breadcrumb","itemListElement":[{"@type":"ListItem","position":1,"name":"Home","item":"http:\/\/thisplays2.com\/"},{"@type":"ListItem","position":2,"name":"\u00c9crans LED"}]},{"@type":"WebSite","@id":"http:\/\/thisplays2.com\/#website","url":"http:\/\/thisplays2.com\/","name":"ThisPlays2","description":"En nog een WordPress site","potentialAction":[{"@type":"SearchAction","target":{"@type":"EntryPoint","urlTemplate":"http:\/\/thisplays2.com\/?s={search_term_string}"},"query-input":{"@type":"PropertyValueSpecification","valueRequired":true,"valueName":"search_term_string"}}],"inLanguage":"fr-FR"}]}},"_links":{"self":[{"href":"https:\/\/thisplays2.com\/fr\/wp-json\/wp\/v2\/pages\/15818","targetHints":{"allow":["GET"]}}],"collection":[{"href":"https:\/\/thisplays2.com\/fr\/wp-json\/wp\/v2\/pages"}],"about":[{"href":"https:\/\/thisplays2.com\/fr\/wp-json\/wp\/v2\/types\/page"}],"author":[{"embeddable":true,"href":"https:\/\/thisplays2.com\/fr\/wp-json\/wp\/v2\/users\/1"}],"replies":[{"embeddable":true,"href":"https:\/\/thisplays2.com\/fr\/wp-json\/wp\/v2\/comments?post=15818"}],"version-history":[{"count":1,"href":"https:\/\/thisplays2.com\/fr\/wp-json\/wp\/v2\/pages\/15818\/revisions"}],"predecessor-version":[{"id":15838,"href":"https:\/\/thisplays2.com\/fr\/wp-json\/wp\/v2\/pages\/15818\/revisions\/15838"}],"wp:attachment":[{"href":"https:\/\/thisplays2.com\/fr\/wp-json\/wp\/v2\/media?parent=15818"}],"curies":[{"name":"wp","href":"https:\/\/api.w.org\/{rel}","templated":true}]}}